{"id":7632,"date":"2020-07-13T07:57:33","date_gmt":"2020-07-13T05:57:33","guid":{"rendered":"https:\/\/cncjurczak.pl\/automatik-robotik\/systemy-wizyjne-i-pomiarowe\/"},"modified":"2020-10-30T12:31:06","modified_gmt":"2020-10-30T11:31:06","slug":"visions-und-messsysteme","status":"publish","type":"page","link":"https:\/\/cncjurczak.pl\/de\/automatik-robotik\/visions-und-messsysteme\/","title":{"rendered":"Visions- und Messsysteme"},"content":{"rendered":"\n<style type=\"text\/css\" data-created_by=\"avia_inline_auto\" id=\"style-css-av-k9005m9n-117594fe18eff8c11491a27ed210b404\">\n.avia-section.av-k9005m9n-117594fe18eff8c11491a27ed210b404{\nbackground-repeat:no-repeat;\nbackground-image:url(https:\/\/cncjurczak.pl\/wp-content\/uploads\/2020\/07\/systemy-wizyjne-i-pomiarowe-title.jpg);\nbackground-position:50% 100%;\nbackground-attachment:fixed;\n}\n.avia-section.av-k9005m9n-117594fe18eff8c11491a27ed210b404 .av-section-color-overlay{\nopacity:0.5;\nbackground-color:#000000;\n}\n<\/style>\n<div id='av_section_1'  class='avia-section av-k9005m9n-117594fe18eff8c11491a27ed210b404 main_color avia-section-large avia-no-border-styling  avia-builder-el-0  el_before_av_one_full  avia-builder-el-first  avia-full-stretch avia-bg-style-fixed av-section-color-overlay-active av-minimum-height av-minimum-height-45 av-height-percent  container_wrap fullsize'  data-section-bg-repeat='stretch' data-av_minimum_height_pc='45' data-av_min_height_opt='percent'><div class=\"av-section-color-overlay-wrap\"><div class=\"av-section-color-overlay\"><\/div><div class='container av-section-cont-open' ><main  role=\"main\" itemprop=\"mainContentOfPage\"  class='template-page content  av-content-full alpha units'><div class='post-entry post-entry-type-page post-entry-7632'><div class='entry-content-wrapper clearfix'>\n\n<style type=\"text\/css\" data-created_by=\"avia_inline_auto\" id=\"style-css-av-kgw6btd6-1b58941fdc2b313818f3762c94d35995\">\n#top .av-special-heading.av-kgw6btd6-1b58941fdc2b313818f3762c94d35995{\npadding-bottom:10px;\ncolor:#ffffff;\n}\nbody .av-special-heading.av-kgw6btd6-1b58941fdc2b313818f3762c94d35995 .av-special-heading-tag .heading-char{\nfont-size:25px;\n}\n.av-special-heading.av-kgw6btd6-1b58941fdc2b313818f3762c94d35995 .special-heading-inner-border{\nborder-color:#ffffff;\n}\n.av-special-heading.av-kgw6btd6-1b58941fdc2b313818f3762c94d35995 .av-subheading{\nfont-size:15px;\n}\n<\/style>\n<div  id=\"h1-breadcrumbs\"  class='av-special-heading av-kgw6btd6-1b58941fdc2b313818f3762c94d35995 av-special-heading-h1 custom-color-heading blockquote modern-quote modern-centered  avia-builder-el-1  avia-builder-el-no-sibling  av-thin-font'><h1 class='av-special-heading-tag '  itemprop=\"headline\"  ><strong>Visions- und Messsysteme<\/strong><\/h1><div class='av_custom_color av-subheading av-subheading_below'><div class=\"breadcrumb breadcrumbs avia-breadcrumbs\"><div class=\"breadcrumb-trail\" ><span class=\"trail-before\"><span class=\"breadcrumb-title\">Du bist hier:<\/span><\/span> <span  itemscope=\"itemscope\" itemtype=\"https:\/\/schema.org\/BreadcrumbList\" ><span  itemscope=\"itemscope\" itemtype=\"https:\/\/schema.org\/ListItem\" itemprop=\"itemListElement\" ><a itemprop=\"url\" href=\"https:\/\/cncjurczak.pl\/de\/\" title=\"CNC Jurczak\" rel=\"home\" class=\"trail-begin\"><span itemprop=\"name\">Startseite<\/span><\/a><span itemprop=\"position\" class=\"hidden\">1<\/span><\/span><\/span><\/div><\/div>\n<\/div><div class=\"special-heading-border\"><div class=\"special-heading-inner-border\"><\/div><\/div><\/div>\n<\/div><\/div><\/main><!-- close content main element --><\/div><\/div><\/div><div id='after_section_1'  class='main_color av_default_container_wrap container_wrap fullsize'  ><div class='container av-section-cont-open' ><div class='template-page content  av-content-full alpha units'><div class='post-entry post-entry-type-page post-entry-7632'><div class='entry-content-wrapper clearfix'>\n<style type=\"text\/css\" data-created_by=\"avia_inline_auto\" id=\"style-css-av-c4jio6-2370730ba726fc2aecfce62b32b957a8\">\n.flex_column.av-c4jio6-2370730ba726fc2aecfce62b32b957a8{\nborder-radius:0px 0px 0px 0px;\npadding:0px 0px 0px 0px;\n}\n<\/style>\n<div  class='flex_column av-c4jio6-2370730ba726fc2aecfce62b32b957a8 av_one_full  avia-builder-el-2  el_after_av_section  el_before_av_one_full  avia-builder-el-first  first flex_column_div av-zero-column-padding  '     ><div  class='avia-slideshow av-k8a2eoe4-76b616f19e126a6f6f844f5fdfc602ae avia-slideshow-featured av_slideshow avia-slide-slider  avia-builder-el-3  avia-builder-el-no-sibling  av-slideshow-ui av-control-default av-slideshow-autoplay av-loop-endless av-loop-manual-endless av-default-height-applied avia-slideshow-1' data-slideshow-options=\"{&quot;animation&quot;:&quot;slide&quot;,&quot;autoplay&quot;:true,&quot;loop_autoplay&quot;:&quot;endless&quot;,&quot;interval&quot;:5,&quot;loop_manual&quot;:&quot;manual-endless&quot;,&quot;autoplay_stopper&quot;:false,&quot;noNavigation&quot;:false,&quot;bg_slider&quot;:false,&quot;keep_padding&quot;:false,&quot;hoverpause&quot;:false,&quot;show_slide_delay&quot;:0}\"  itemprop=\"image\" itemscope=\"itemscope\" itemtype=\"https:\/\/schema.org\/ImageObject\" ><ul class='avia-slideshow-inner ' style='padding-bottom: 47.777777777778%;'><li  class='avia-slideshow-slide av-k8a2eoe4-76b616f19e126a6f6f844f5fdfc602ae__0  av-single-slide slide-1 slide-odd'><div data-rel='slideshow-1' class='avia-slide-wrap '   ><img decoding=\"async\" fetchpriority=\"high\" class=\"wp-image-7633 avia-img-lazy-loading-not-7633\"  src=\"https:\/\/cncjurczak.pl\/wp-content\/uploads\/2020\/07\/systemy-wizyjne-i-pomiarowe-1-900x430.jpg\" width=\"900\" height=\"430\" title='Visions- und Messsysteme' alt='Visions- und Messsysteme'  itemprop=\"thumbnailUrl\"   \/><\/div><\/li><\/ul><\/div><\/div><\/p>\n\n<style type=\"text\/css\" data-created_by=\"avia_inline_auto\" id=\"style-css-av-m4yrq-3288b6f88865dc3671b74fcd1db0d087\">\n#top .flex_column.av-m4yrq-3288b6f88865dc3671b74fcd1db0d087{\nmargin-top:20px;\nmargin-bottom:0px;\n}\n.flex_column.av-m4yrq-3288b6f88865dc3671b74fcd1db0d087{\nborder-radius:0px 0px 0px 0px;\npadding:0px 0px 0px 0px;\n}\n.responsive #top #wrap_all .flex_column.av-m4yrq-3288b6f88865dc3671b74fcd1db0d087{\nmargin-top:20px;\nmargin-bottom:0px;\n}\n<\/style>\n<div  class='flex_column av-m4yrq-3288b6f88865dc3671b74fcd1db0d087 av_one_full  avia-builder-el-4  el_after_av_one_full  el_before_av_one_full  first flex_column_div av-zero-column-padding  column-top-margin'     ><p>\n<style type=\"text\/css\" data-created_by=\"avia_inline_auto\" id=\"style-css-av-kgw6by9r-e7733b413230f1acb0d3bef59db6c532\">\n#top .av-special-heading.av-kgw6by9r-e7733b413230f1acb0d3bef59db6c532{\npadding-bottom:10px;\n}\nbody .av-special-heading.av-kgw6by9r-e7733b413230f1acb0d3bef59db6c532 .av-special-heading-tag .heading-char{\nfont-size:25px;\n}\n.av-special-heading.av-kgw6by9r-e7733b413230f1acb0d3bef59db6c532 .av-subheading{\nfont-size:15px;\n}\n<\/style>\n<div  class='av-special-heading av-kgw6by9r-e7733b413230f1acb0d3bef59db6c532 av-special-heading-h2 blockquote modern-quote  avia-builder-el-5  el_before_av_textblock  avia-builder-el-first '><h2 class='av-special-heading-tag '  itemprop=\"headline\"  >Visions- und Messsysteme<\/h2><div class=\"special-heading-border\"><div class=\"special-heading-inner-border\"><\/div><\/div><\/div><br \/>\n<section  class='av_textblock_section av-2u7zcm-329dfde0de487c9eb5e92b4f0d2f5745 '   itemscope=\"itemscope\" itemtype=\"https:\/\/schema.org\/CreativeWork\" ><div class='avia_textblock'  itemprop=\"text\" ><p style=\"text-align: justify;\">Wir bieten gepr\u00fcfte Visions- und Messsysteme, die wir in verschiedene Industriezweige eingef\u00fchrt haben.<\/p>\n<p style=\"text-align: justify;\">Wir legen gro\u03b2en Wert auf hohe Qualit\u00e4t angebotener L\u00f6sungen und konzentrieren uns auf spezialisierte Anwendungen.<\/p>\n<p style=\"text-align: justify;\">\u00a0In jedem Stadium der Applikationsvorbereitung sichern wir technische Beratung und Kundenservice. Unsere L\u00f6sungen werden auch von Ger\u00e4telieferanten gef\u00f6rdert, mit denen wir eng zusammenarbeiten.<\/p>\n<p style=\"text-align: justify;\">\u00a0Unser Angebot umfasst einen kompletten Systemauswahlprozess, Vorbereiten der Applikation, sowie Starten des Prozesses beim Kunden.<\/p>\n<\/div><\/section><\/p><\/div>\n<style type=\"text\/css\" data-created_by=\"avia_inline_auto\" id=\"style-css-av-5zi4me-ad039e91c1210e7f11dabfad42d06c86\">\n.flex_column.av-5zi4me-ad039e91c1210e7f11dabfad42d06c86{\nborder-radius:0px 0px 0px 0px;\npadding:0px 0px 0px 0px;\n}\n<\/style>\n<div  class='flex_column av-5zi4me-ad039e91c1210e7f11dabfad42d06c86 av_one_full  avia-builder-el-7  el_after_av_one_full  avia-builder-el-last  first flex_column_div av-zero-column-padding  column-top-margin'     ><p>\n<style type=\"text\/css\" data-created_by=\"avia_inline_auto\" id=\"style-css-av-k8a6zeek-4729bb8058e3f5278e9ebd693786bbca\">\n#top .hr.av-k8a6zeek-4729bb8058e3f5278e9ebd693786bbca{\nmargin-top:30px;\nmargin-bottom:30px;\n}\n.hr.av-k8a6zeek-4729bb8058e3f5278e9ebd693786bbca .hr-inner{\nwidth:50%;\nmax-width:45%;\n}\n<\/style>\n<div  class='hr av-k8a6zeek-4729bb8058e3f5278e9ebd693786bbca hr-custom  avia-builder-el-8  el_before_av_buttonrow  avia-builder-el-first  hr-center hr-icon-yes'><span class='hr-inner inner-border-av-border-thin'><span class=\"hr-inner-style\"><\/span><\/span><span class='av-seperator-icon avia-iconfont avia-font-entypo-fontello' data-av_icon='\ue877' data-av_iconfont='entypo-fontello' ><\/span><span class='hr-inner inner-border-av-border-thin'><span class=\"hr-inner-style\"><\/span><\/span><\/div><br \/>\n<div  class='avia-buttonrow-wrap av-k8a6ww05-0a7a61695d41f2b98710a1219c170287 avia-buttonrow-center  avia-builder-el-9  el_after_av_hr  avia-builder-el-last '>\n\n<style type=\"text\/css\" data-created_by=\"avia_inline_auto\" id=\"style-css-av-av_buttonrow_item-089355f7b74ffc54d15ed4a5d318374f\">\n#top #wrap_all .avia-button.av-av_buttonrow_item-089355f7b74ffc54d15ed4a5d318374f{\nmargin-bottom:5px;\nmargin-right:3px;\nmargin-left:3px;\n}\n<\/style>\n<a href='https:\/\/cncjurczak.pl\/de\/realisierungen\/'  class='avia-button av-av_buttonrow_item-089355f7b74ffc54d15ed4a5d318374f avia-icon_select-yes-right-icon avia-size-large avia-color-dark'   aria-label=\"Realisierungen\"><span class='avia_iconbox_title' >Realisierungen<\/span><span class='avia_button_icon avia_button_icon_right avia-iconfont avia-font-entypo-fontello' data-av_icon='\ue879' data-av_iconfont='entypo-fontello' ><\/span><\/a>\n\n<style type=\"text\/css\" data-created_by=\"avia_inline_auto\" id=\"style-css-av-av_buttonrow_item-f18b21c5a938c675e3be9b9c63b5e9b6\">\n#top #wrap_all .avia-button.av-av_buttonrow_item-f18b21c5a938c675e3be9b9c63b5e9b6{\nmargin-bottom:5px;\nmargin-right:3px;\nmargin-left:3px;\n}\n<\/style>\n<a href='https:\/\/cncjurczak.pl\/de\/kontakt\/'  class='avia-button av-av_buttonrow_item-f18b21c5a938c675e3be9b9c63b5e9b6 avia-icon_select-yes-right-icon avia-size-large avia-color-theme-color-highlight'   aria-label=\"Kontakt\"><span class='avia_iconbox_title' >Kontakt<\/span><span class='avia_button_icon avia_button_icon_right avia-iconfont avia-font-entypo-fontello' data-av_icon='\ue879' data-av_iconfont='entypo-fontello' ><\/span><\/a>\n<\/div><\/p><\/div><\/p>\n","protected":false},"excerpt":{"rendered":"","protected":false},"author":1,"featured_media":0,"parent":5772,"menu_order":0,"comment_status":"closed","ping_status":"closed","template":"","meta":{"footnotes":""},"class_list":["post-7632","page","type-page","status-publish","hentry"],"yoast_head":"<!-- This site is optimized with the Yoast SEO plugin v27.3 - https:\/\/yoast.com\/product\/yoast-seo-wordpress\/ -->\n<title>Visions- und Messsysteme - CNC Jurczak<\/title>\n<meta name=\"description\" content=\"Visions- und Messsysteme CNC Jurczak \u2013 wir bieten gepr\u00fcfte Systeme, die wir in verschiedene Industriezweige eingef\u00fchrt haben. Wir sichern technische Beratung und Kundenservice.\" \/>\n<meta name=\"robots\" content=\"index, follow, max-snippet:-1, max-image-preview:large, max-video-preview:-1\" \/>\n<link rel=\"canonical\" href=\"https:\/\/cncjurczak.pl\/de\/automatik-robotik\/visions-und-messsysteme\/\" \/>\n<meta property=\"og:locale\" content=\"de_DE\" \/>\n<meta property=\"og:type\" content=\"article\" \/>\n<meta property=\"og:title\" content=\"Visions- und Messsysteme - CNC Jurczak\" \/>\n<meta property=\"og:description\" content=\"Visions- und Messsysteme CNC Jurczak \u2013 wir bieten gepr\u00fcfte Systeme, die wir in verschiedene Industriezweige eingef\u00fchrt haben. Wir sichern technische Beratung und Kundenservice.\" \/>\n<meta property=\"og:url\" content=\"https:\/\/cncjurczak.pl\/de\/automatik-robotik\/visions-und-messsysteme\/\" \/>\n<meta property=\"og:site_name\" content=\"CNC Jurczak\" \/>\n<meta property=\"article:modified_time\" content=\"2020-10-30T11:31:06+00:00\" \/>\n<meta name=\"twitter:card\" content=\"summary_large_image\" \/>\n<meta name=\"twitter:label1\" content=\"Gesch\u00e4tzte Lesezeit\" \/>\n\t<meta name=\"twitter:data1\" content=\"5\u00a0Minuten\" \/>\n<script type=\"application\/ld+json\" class=\"yoast-schema-graph\">{\"@context\":\"https:\\\/\\\/schema.org\",\"@graph\":[{\"@type\":\"WebPage\",\"@id\":\"https:\\\/\\\/cncjurczak.pl\\\/de\\\/automatik-robotik\\\/visions-und-messsysteme\\\/\",\"url\":\"https:\\\/\\\/cncjurczak.pl\\\/de\\\/automatik-robotik\\\/visions-und-messsysteme\\\/\",\"name\":\"Visions- und Messsysteme - CNC Jurczak\",\"isPartOf\":{\"@id\":\"https:\\\/\\\/cncjurczak.pl\\\/de\\\/#website\"},\"datePublished\":\"2020-07-13T05:57:33+00:00\",\"dateModified\":\"2020-10-30T11:31:06+00:00\",\"description\":\"Visions- und Messsysteme CNC Jurczak \u2013 wir bieten gepr\u00fcfte Systeme, die wir in verschiedene Industriezweige eingef\u00fchrt haben. Wir sichern technische Beratung und Kundenservice.\",\"breadcrumb\":{\"@id\":\"https:\\\/\\\/cncjurczak.pl\\\/de\\\/automatik-robotik\\\/visions-und-messsysteme\\\/#breadcrumb\"},\"inLanguage\":\"de\",\"potentialAction\":[{\"@type\":\"ReadAction\",\"target\":[\"https:\\\/\\\/cncjurczak.pl\\\/de\\\/automatik-robotik\\\/visions-und-messsysteme\\\/\"]}]},{\"@type\":\"BreadcrumbList\",\"@id\":\"https:\\\/\\\/cncjurczak.pl\\\/de\\\/automatik-robotik\\\/visions-und-messsysteme\\\/#breadcrumb\",\"itemListElement\":[{\"@type\":\"ListItem\",\"position\":1,\"name\":\"Automatik &#038; Robotik\",\"item\":\"https:\\\/\\\/cncjurczak.pl\\\/de\\\/automatik-robotik\\\/\"},{\"@type\":\"ListItem\",\"position\":2,\"name\":\"Visions- und Messsysteme\"}]},{\"@type\":\"WebSite\",\"@id\":\"https:\\\/\\\/cncjurczak.pl\\\/de\\\/#website\",\"url\":\"https:\\\/\\\/cncjurczak.pl\\\/de\\\/\",\"name\":\"CNC Jurczak\",\"description\":\"\",\"publisher\":{\"@id\":\"https:\\\/\\\/cncjurczak.pl\\\/de\\\/#organization\"},\"potentialAction\":[{\"@type\":\"SearchAction\",\"target\":{\"@type\":\"EntryPoint\",\"urlTemplate\":\"https:\\\/\\\/cncjurczak.pl\\\/de\\\/?s={search_term_string}\"},\"query-input\":{\"@type\":\"PropertyValueSpecification\",\"valueRequired\":true,\"valueName\":\"search_term_string\"}}],\"inLanguage\":\"de\"},{\"@type\":\"Organization\",\"@id\":\"https:\\\/\\\/cncjurczak.pl\\\/de\\\/#organization\",\"name\":\"CNC Jurczak\",\"url\":\"https:\\\/\\\/cncjurczak.pl\\\/de\\\/\",\"logo\":{\"@type\":\"ImageObject\",\"inLanguage\":\"de\",\"@id\":\"https:\\\/\\\/cncjurczak.pl\\\/de\\\/#\\\/schema\\\/logo\\\/image\\\/\",\"url\":\"https:\\\/\\\/cncjurczak.pl\\\/wp-content\\\/uploads\\\/2020\\\/05\\\/logo-cz.png\",\"contentUrl\":\"https:\\\/\\\/cncjurczak.pl\\\/wp-content\\\/uploads\\\/2020\\\/05\\\/logo-cz.png\",\"width\":286,\"height\":156,\"caption\":\"CNC Jurczak\"},\"image\":{\"@id\":\"https:\\\/\\\/cncjurczak.pl\\\/de\\\/#\\\/schema\\\/logo\\\/image\\\/\"}}]}<\/script>\n<!-- \/ Yoast SEO plugin. -->","yoast_head_json":{"title":"Visions- und Messsysteme - CNC Jurczak","description":"Visions- und Messsysteme CNC Jurczak \u2013 wir bieten gepr\u00fcfte Systeme, die wir in verschiedene Industriezweige eingef\u00fchrt haben. Wir sichern technische Beratung und Kundenservice.","robots":{"index":"index","follow":"follow","max-snippet":"max-snippet:-1","max-image-preview":"max-image-preview:large","max-video-preview":"max-video-preview:-1"},"canonical":"https:\/\/cncjurczak.pl\/de\/automatik-robotik\/visions-und-messsysteme\/","og_locale":"de_DE","og_type":"article","og_title":"Visions- und Messsysteme - CNC Jurczak","og_description":"Visions- und Messsysteme CNC Jurczak \u2013 wir bieten gepr\u00fcfte Systeme, die wir in verschiedene Industriezweige eingef\u00fchrt haben. Wir sichern technische Beratung und Kundenservice.","og_url":"https:\/\/cncjurczak.pl\/de\/automatik-robotik\/visions-und-messsysteme\/","og_site_name":"CNC Jurczak","article_modified_time":"2020-10-30T11:31:06+00:00","twitter_card":"summary_large_image","twitter_misc":{"Gesch\u00e4tzte Lesezeit":"5\u00a0Minuten"},"schema":{"@context":"https:\/\/schema.org","@graph":[{"@type":"WebPage","@id":"https:\/\/cncjurczak.pl\/de\/automatik-robotik\/visions-und-messsysteme\/","url":"https:\/\/cncjurczak.pl\/de\/automatik-robotik\/visions-und-messsysteme\/","name":"Visions- und Messsysteme - CNC Jurczak","isPartOf":{"@id":"https:\/\/cncjurczak.pl\/de\/#website"},"datePublished":"2020-07-13T05:57:33+00:00","dateModified":"2020-10-30T11:31:06+00:00","description":"Visions- und Messsysteme CNC Jurczak \u2013 wir bieten gepr\u00fcfte Systeme, die wir in verschiedene Industriezweige eingef\u00fchrt haben. Wir sichern technische Beratung und Kundenservice.","breadcrumb":{"@id":"https:\/\/cncjurczak.pl\/de\/automatik-robotik\/visions-und-messsysteme\/#breadcrumb"},"inLanguage":"de","potentialAction":[{"@type":"ReadAction","target":["https:\/\/cncjurczak.pl\/de\/automatik-robotik\/visions-und-messsysteme\/"]}]},{"@type":"BreadcrumbList","@id":"https:\/\/cncjurczak.pl\/de\/automatik-robotik\/visions-und-messsysteme\/#breadcrumb","itemListElement":[{"@type":"ListItem","position":1,"name":"Automatik &#038; Robotik","item":"https:\/\/cncjurczak.pl\/de\/automatik-robotik\/"},{"@type":"ListItem","position":2,"name":"Visions- und Messsysteme"}]},{"@type":"WebSite","@id":"https:\/\/cncjurczak.pl\/de\/#website","url":"https:\/\/cncjurczak.pl\/de\/","name":"CNC Jurczak","description":"","publisher":{"@id":"https:\/\/cncjurczak.pl\/de\/#organization"},"potentialAction":[{"@type":"SearchAction","target":{"@type":"EntryPoint","urlTemplate":"https:\/\/cncjurczak.pl\/de\/?s={search_term_string}"},"query-input":{"@type":"PropertyValueSpecification","valueRequired":true,"valueName":"search_term_string"}}],"inLanguage":"de"},{"@type":"Organization","@id":"https:\/\/cncjurczak.pl\/de\/#organization","name":"CNC Jurczak","url":"https:\/\/cncjurczak.pl\/de\/","logo":{"@type":"ImageObject","inLanguage":"de","@id":"https:\/\/cncjurczak.pl\/de\/#\/schema\/logo\/image\/","url":"https:\/\/cncjurczak.pl\/wp-content\/uploads\/2020\/05\/logo-cz.png","contentUrl":"https:\/\/cncjurczak.pl\/wp-content\/uploads\/2020\/05\/logo-cz.png","width":286,"height":156,"caption":"CNC Jurczak"},"image":{"@id":"https:\/\/cncjurczak.pl\/de\/#\/schema\/logo\/image\/"}}]}},"_links":{"self":[{"href":"https:\/\/cncjurczak.pl\/de\/wp-json\/wp\/v2\/pages\/7632","targetHints":{"allow":["GET"]}}],"collection":[{"href":"https:\/\/cncjurczak.pl\/de\/wp-json\/wp\/v2\/pages"}],"about":[{"href":"https:\/\/cncjurczak.pl\/de\/wp-json\/wp\/v2\/types\/page"}],"author":[{"embeddable":true,"href":"https:\/\/cncjurczak.pl\/de\/wp-json\/wp\/v2\/users\/1"}],"replies":[{"embeddable":true,"href":"https:\/\/cncjurczak.pl\/de\/wp-json\/wp\/v2\/comments?post=7632"}],"version-history":[{"count":3,"href":"https:\/\/cncjurczak.pl\/de\/wp-json\/wp\/v2\/pages\/7632\/revisions"}],"predecessor-version":[{"id":7637,"href":"https:\/\/cncjurczak.pl\/de\/wp-json\/wp\/v2\/pages\/7632\/revisions\/7637"}],"up":[{"embeddable":true,"href":"https:\/\/cncjurczak.pl\/de\/wp-json\/wp\/v2\/pages\/5772"}],"wp:attachment":[{"href":"https:\/\/cncjurczak.pl\/de\/wp-json\/wp\/v2\/media?parent=7632"}],"curies":[{"name":"wp","href":"https:\/\/api.w.org\/{rel}","templated":true}]}}