{"id":7118,"date":"2020-03-22T14:39:05","date_gmt":"2020-03-22T13:39:05","guid":{"rendered":"https:\/\/cncjurczak.pl\/obrobka-elektroerozyjna\/"},"modified":"2020-10-29T11:05:36","modified_gmt":"2020-10-29T10:05:36","slug":"elektroerosive-bearbeitung","status":"publish","type":"page","link":"https:\/\/cncjurczak.pl\/de\/elektroerosive-bearbeitung\/","title":{"rendered":"Elektroerosive Bearbeitung"},"content":{"rendered":"\n<style type=\"text\/css\" data-created_by=\"avia_inline_auto\" id=\"style-css-av-k9005m9n-0ec0fcd7f344b6c7b71ea4046c4697c1\">\n.avia-section.av-k9005m9n-0ec0fcd7f344b6c7b71ea4046c4697c1{\nbackground-repeat:no-repeat;\nbackground-image:url(https:\/\/cncjurczak.pl\/wp-content\/uploads\/2020\/06\/obrobka-elektroerozyjna-title.jpg);\nbackground-position:0% 0%;\nbackground-attachment:fixed;\n}\n.avia-section.av-k9005m9n-0ec0fcd7f344b6c7b71ea4046c4697c1 .av-section-color-overlay{\nopacity:0.5;\nbackground-color:#000000;\n}\n<\/style>\n<div id='av_section_1'  class='avia-section av-k9005m9n-0ec0fcd7f344b6c7b71ea4046c4697c1 main_color avia-section-large avia-no-border-styling  avia-builder-el-0  el_before_av_one_full  avia-builder-el-first  avia-full-stretch avia-bg-style-fixed av-section-color-overlay-active av-minimum-height av-minimum-height-45 av-height-percent  container_wrap fullsize'  data-section-bg-repeat='stretch' data-av_minimum_height_pc='45' data-av_min_height_opt='percent'><div class=\"av-section-color-overlay-wrap\"><div class=\"av-section-color-overlay\"><\/div><div class='container av-section-cont-open' ><main  role=\"main\" itemprop=\"mainContentOfPage\"  class='template-page content  av-content-full alpha units'><div class='post-entry post-entry-type-page post-entry-7118'><div class='entry-content-wrapper clearfix'>\n\n<style type=\"text\/css\" data-created_by=\"avia_inline_auto\" id=\"style-css-av-kgunus4j-6e73cc204ff6ba9b119263f5bf56f32b\">\n#top .av-special-heading.av-kgunus4j-6e73cc204ff6ba9b119263f5bf56f32b{\npadding-bottom:10px;\ncolor:#ffffff;\n}\nbody .av-special-heading.av-kgunus4j-6e73cc204ff6ba9b119263f5bf56f32b .av-special-heading-tag .heading-char{\nfont-size:25px;\n}\n.av-special-heading.av-kgunus4j-6e73cc204ff6ba9b119263f5bf56f32b .special-heading-inner-border{\nborder-color:#ffffff;\n}\n.av-special-heading.av-kgunus4j-6e73cc204ff6ba9b119263f5bf56f32b .av-subheading{\nfont-size:15px;\n}\n<\/style>\n<div  id=\"h1-breadcrumbs\"  class='av-special-heading av-kgunus4j-6e73cc204ff6ba9b119263f5bf56f32b av-special-heading-h1 custom-color-heading blockquote modern-quote modern-centered  avia-builder-el-1  avia-builder-el-no-sibling  av-thin-font'><h1 class='av-special-heading-tag '  itemprop=\"headline\"  ><strong>Elektroerosive Bearbeitung<\/strong><\/h1><div class='av_custom_color av-subheading av-subheading_below'><div class=\"breadcrumb breadcrumbs avia-breadcrumbs\"><div class=\"breadcrumb-trail\" ><span class=\"trail-before\"><span class=\"breadcrumb-title\">Du bist hier:<\/span><\/span> <span  itemscope=\"itemscope\" itemtype=\"https:\/\/schema.org\/BreadcrumbList\" ><span  itemscope=\"itemscope\" itemtype=\"https:\/\/schema.org\/ListItem\" itemprop=\"itemListElement\" ><a itemprop=\"url\" href=\"https:\/\/cncjurczak.pl\/de\/\" title=\"CNC Jurczak\" rel=\"home\" class=\"trail-begin\"><span itemprop=\"name\">Startseite<\/span><\/a><span itemprop=\"position\" class=\"hidden\">1<\/span><\/span><\/span><\/div><\/div>\n<\/div><div class=\"special-heading-border\"><div class=\"special-heading-inner-border\"><\/div><\/div><\/div>\n<\/div><\/div><\/main><!-- close content main element --><\/div><\/div><\/div><div id='after_section_1'  class='main_color av_default_container_wrap container_wrap fullsize'  ><div class='container av-section-cont-open' ><div class='template-page content  av-content-full alpha units'><div class='post-entry post-entry-type-page post-entry-7118'><div class='entry-content-wrapper clearfix'>\n<style type=\"text\/css\" data-created_by=\"avia_inline_auto\" id=\"style-css-av-c4jio6-2370730ba726fc2aecfce62b32b957a8\">\n.flex_column.av-c4jio6-2370730ba726fc2aecfce62b32b957a8{\nborder-radius:0px 0px 0px 0px;\npadding:0px 0px 0px 0px;\n}\n<\/style>\n<div  class='flex_column av-c4jio6-2370730ba726fc2aecfce62b32b957a8 av_one_full  avia-builder-el-2  el_after_av_section  el_before_av_one_full  avia-builder-el-first  first flex_column_div av-zero-column-padding  '     ><div  class='avia-slideshow av-k8a2eoe4-76b616f19e126a6f6f844f5fdfc602ae avia-slideshow-featured av_slideshow avia-slide-slider  avia-builder-el-3  avia-builder-el-no-sibling  av-slideshow-ui av-control-default av-slideshow-autoplay av-loop-endless av-loop-manual-endless av-default-height-applied avia-slideshow-1' data-slideshow-options=\"{&quot;animation&quot;:&quot;slide&quot;,&quot;autoplay&quot;:true,&quot;loop_autoplay&quot;:&quot;endless&quot;,&quot;interval&quot;:5,&quot;loop_manual&quot;:&quot;manual-endless&quot;,&quot;autoplay_stopper&quot;:false,&quot;noNavigation&quot;:false,&quot;bg_slider&quot;:false,&quot;keep_padding&quot;:false,&quot;hoverpause&quot;:false,&quot;show_slide_delay&quot;:0}\"  itemprop=\"image\" itemscope=\"itemscope\" itemtype=\"https:\/\/schema.org\/ImageObject\" ><ul class='avia-slideshow-inner ' style='padding-bottom: 47.777777777778%;'><li  class='avia-slideshow-slide av-k8a2eoe4-76b616f19e126a6f6f844f5fdfc602ae__0  av-single-slide slide-1 slide-odd'><div data-rel='slideshow-1' class='avia-slide-wrap '   ><img decoding=\"async\" fetchpriority=\"high\" class=\"wp-image-7128 avia-img-lazy-loading-not-7128\"  src=\"https:\/\/cncjurczak.pl\/wp-content\/uploads\/2020\/06\/obrobka-elektroerozyjna-1-900x430.jpg\" width=\"900\" height=\"430\" title='Elektroerosive Bearbeitung' alt='Elektroerosive Bearbeitung'  itemprop=\"thumbnailUrl\"   \/><\/div><\/li><\/ul><\/div><\/div><\/p>\n\n<style type=\"text\/css\" data-created_by=\"avia_inline_auto\" id=\"style-css-av-m4yrq-3288b6f88865dc3671b74fcd1db0d087\">\n#top .flex_column.av-m4yrq-3288b6f88865dc3671b74fcd1db0d087{\nmargin-top:20px;\nmargin-bottom:0px;\n}\n.flex_column.av-m4yrq-3288b6f88865dc3671b74fcd1db0d087{\nborder-radius:0px 0px 0px 0px;\npadding:0px 0px 0px 0px;\n}\n.responsive #top #wrap_all .flex_column.av-m4yrq-3288b6f88865dc3671b74fcd1db0d087{\nmargin-top:20px;\nmargin-bottom:0px;\n}\n<\/style>\n<div  class='flex_column av-m4yrq-3288b6f88865dc3671b74fcd1db0d087 av_one_full  avia-builder-el-4  el_after_av_one_full  el_before_av_one_full  first flex_column_div av-zero-column-padding  column-top-margin'     ><p>\n<style type=\"text\/css\" data-created_by=\"avia_inline_auto\" id=\"style-css-av-kgunvghe-c2db954bafbb64e680e25474b316a4d1\">\n#top .av-special-heading.av-kgunvghe-c2db954bafbb64e680e25474b316a4d1{\npadding-bottom:10px;\n}\nbody .av-special-heading.av-kgunvghe-c2db954bafbb64e680e25474b316a4d1 .av-special-heading-tag .heading-char{\nfont-size:25px;\n}\n.av-special-heading.av-kgunvghe-c2db954bafbb64e680e25474b316a4d1 .av-subheading{\nfont-size:15px;\n}\n<\/style>\n<div  class='av-special-heading av-kgunvghe-c2db954bafbb64e680e25474b316a4d1 av-special-heading-h2 blockquote modern-quote  avia-builder-el-5  el_before_av_textblock  avia-builder-el-first '><h2 class='av-special-heading-tag '  itemprop=\"headline\"  >Elektroerosive Bearbeitung<\/h2><div class=\"special-heading-border\"><div class=\"special-heading-inner-border\"><\/div><\/div><\/div><br \/>\n<section  class='av_textblock_section av-2u7zcm-329dfde0de487c9eb5e92b4f0d2f5745 '   itemscope=\"itemscope\" itemtype=\"https:\/\/schema.org\/CreativeWork\" ><div class='avia_textblock'  itemprop=\"text\" ><p style=\"text-align: justify;\">Elektroerosive Bearbeitung wird genutzt, wenn es keine M\u00f6glichkeit gibt, erforderlichen Formen und Abmessungen durch mechanische Bearbeitung zu fertigen, aber auch zur Bearbeitung von extrem harten Materialien, wenn Fr\u00e4sen oder Drehen oft unwirtschaftlich sind.<\/p>\n<p style=\"text-align: justify;\">Bei diesem Verfahren erfolgt der Vorgang des Entfernens von Material von der Oberfl\u00e4che des bearbeiteten Elements infolge der Wirkung von Elektrizit\u00e4t in Form von periodischen Funkenentladungen zwischen den Oberfl\u00e4chen des bearbeiteten Gegenstandes und einem solchen Werkzeug, wie z.B. Draht oder Elektrode. Dieses Verfahren wird beim Bau von Stanzformen, Stanzwerkzeugen, Spritzgie\u03b2formen, sowie bei Fertigung von Stempeln, Matrizen und Spezialmaschinenteilen verwendet.<\/p>\n<p style=\"text-align: justify;\">\u00a0Elektroerosive Bearbeitung zeichnet sich durch eine gro\u03b2e Ma\u03b2haltigkeit, unabh\u00e4ngig von der Form oder H\u00e4rte des bearbeiteten Materials. Mit Senkerodiermaschinen kann man nur Materialien bearbeiten, die den elektrischen Strom leiten.<\/p>\n<\/div><\/section><\/p><\/div>\n<style type=\"text\/css\" data-created_by=\"avia_inline_auto\" id=\"style-css-av-5zi4me-ad039e91c1210e7f11dabfad42d06c86\">\n.flex_column.av-5zi4me-ad039e91c1210e7f11dabfad42d06c86{\nborder-radius:0px 0px 0px 0px;\npadding:0px 0px 0px 0px;\n}\n<\/style>\n<div  class='flex_column av-5zi4me-ad039e91c1210e7f11dabfad42d06c86 av_one_full  avia-builder-el-7  el_after_av_one_full  avia-builder-el-last  first flex_column_div av-zero-column-padding  column-top-margin'     ><p>\n<style type=\"text\/css\" data-created_by=\"avia_inline_auto\" id=\"style-css-av-k8a6zeek-4729bb8058e3f5278e9ebd693786bbca\">\n#top .hr.av-k8a6zeek-4729bb8058e3f5278e9ebd693786bbca{\nmargin-top:30px;\nmargin-bottom:30px;\n}\n.hr.av-k8a6zeek-4729bb8058e3f5278e9ebd693786bbca .hr-inner{\nwidth:50%;\nmax-width:45%;\n}\n<\/style>\n<div  class='hr av-k8a6zeek-4729bb8058e3f5278e9ebd693786bbca hr-custom  avia-builder-el-8  el_before_av_buttonrow  avia-builder-el-first  hr-center hr-icon-yes'><span class='hr-inner inner-border-av-border-thin'><span class=\"hr-inner-style\"><\/span><\/span><span class='av-seperator-icon avia-iconfont avia-font-entypo-fontello' data-av_icon='\ue877' data-av_iconfont='entypo-fontello' ><\/span><span class='hr-inner inner-border-av-border-thin'><span class=\"hr-inner-style\"><\/span><\/span><\/div><br \/>\n<div  class='avia-buttonrow-wrap av-k8a6ww05-0a7a61695d41f2b98710a1219c170287 avia-buttonrow-center  avia-builder-el-9  el_after_av_hr  avia-builder-el-last '>\n\n<style type=\"text\/css\" data-created_by=\"avia_inline_auto\" id=\"style-css-av-av_buttonrow_item-089355f7b74ffc54d15ed4a5d318374f\">\n#top #wrap_all .avia-button.av-av_buttonrow_item-089355f7b74ffc54d15ed4a5d318374f{\nmargin-bottom:5px;\nmargin-right:3px;\nmargin-left:3px;\n}\n<\/style>\n<a href='https:\/\/cncjurczak.pl\/de\/realisierungen\/'  class='avia-button av-av_buttonrow_item-089355f7b74ffc54d15ed4a5d318374f avia-icon_select-yes-right-icon avia-size-large avia-color-dark'   aria-label=\"Realisierungen\"><span class='avia_iconbox_title' >Realisierungen<\/span><span class='avia_button_icon avia_button_icon_right avia-iconfont avia-font-entypo-fontello' data-av_icon='\ue879' data-av_iconfont='entypo-fontello' ><\/span><\/a>\n\n<style type=\"text\/css\" data-created_by=\"avia_inline_auto\" id=\"style-css-av-av_buttonrow_item-f18b21c5a938c675e3be9b9c63b5e9b6\">\n#top #wrap_all .avia-button.av-av_buttonrow_item-f18b21c5a938c675e3be9b9c63b5e9b6{\nmargin-bottom:5px;\nmargin-right:3px;\nmargin-left:3px;\n}\n<\/style>\n<a href='https:\/\/cncjurczak.pl\/de\/kontakt\/'  class='avia-button av-av_buttonrow_item-f18b21c5a938c675e3be9b9c63b5e9b6 avia-icon_select-yes-right-icon avia-size-large avia-color-theme-color-highlight'   aria-label=\"Kontakt\"><span class='avia_iconbox_title' >Kontakt<\/span><span class='avia_button_icon avia_button_icon_right avia-iconfont avia-font-entypo-fontello' data-av_icon='\ue879' data-av_iconfont='entypo-fontello' ><\/span><\/a>\n<\/div><\/p><\/div><\/p>\n","protected":false},"excerpt":{"rendered":"","protected":false},"author":1,"featured_media":0,"parent":0,"menu_order":0,"comment_status":"closed","ping_status":"closed","template":"","meta":{"footnotes":""},"class_list":["post-7118","page","type-page","status-publish","hentry"],"yoast_head":"<!-- This site is optimized with the Yoast SEO plugin v27.3 - https:\/\/yoast.com\/product\/yoast-seo-wordpress\/ -->\n<title>Elektroerosive Bearbeitung - CNC Jurczak<\/title>\n<meta name=\"description\" content=\"Elektroerosive Bearbeitung CNC Jurczak \u2013 Wir sind ein moderner Werkzeugbau. Wir spezialisiern uns auf Metall- und Kunststoffbearbeitung. Wir bieten elektroerosive Bearbeitung an.\" \/>\n<meta name=\"robots\" content=\"index, follow, max-snippet:-1, max-image-preview:large, max-video-preview:-1\" \/>\n<link rel=\"canonical\" href=\"https:\/\/cncjurczak.pl\/de\/elektroerosive-bearbeitung\/\" \/>\n<meta property=\"og:locale\" content=\"de_DE\" \/>\n<meta property=\"og:type\" content=\"article\" \/>\n<meta property=\"og:title\" content=\"Elektroerosive Bearbeitung - CNC Jurczak\" \/>\n<meta property=\"og:description\" content=\"Elektroerosive Bearbeitung CNC Jurczak \u2013 Wir sind ein moderner Werkzeugbau. Wir spezialisiern uns auf Metall- und Kunststoffbearbeitung. Wir bieten elektroerosive Bearbeitung an.\" \/>\n<meta property=\"og:url\" content=\"https:\/\/cncjurczak.pl\/de\/elektroerosive-bearbeitung\/\" \/>\n<meta property=\"og:site_name\" content=\"CNC Jurczak\" \/>\n<meta property=\"article:modified_time\" content=\"2020-10-29T10:05:36+00:00\" \/>\n<meta name=\"twitter:card\" content=\"summary_large_image\" \/>\n<meta name=\"twitter:label1\" content=\"Gesch\u00e4tzte Lesezeit\" \/>\n\t<meta name=\"twitter:data1\" content=\"6\u00a0Minuten\" \/>\n<script type=\"application\/ld+json\" class=\"yoast-schema-graph\">{\"@context\":\"https:\\\/\\\/schema.org\",\"@graph\":[{\"@type\":\"WebPage\",\"@id\":\"https:\\\/\\\/cncjurczak.pl\\\/de\\\/elektroerosive-bearbeitung\\\/\",\"url\":\"https:\\\/\\\/cncjurczak.pl\\\/de\\\/elektroerosive-bearbeitung\\\/\",\"name\":\"Elektroerosive Bearbeitung - CNC Jurczak\",\"isPartOf\":{\"@id\":\"https:\\\/\\\/cncjurczak.pl\\\/de\\\/#website\"},\"datePublished\":\"2020-03-22T13:39:05+00:00\",\"dateModified\":\"2020-10-29T10:05:36+00:00\",\"description\":\"Elektroerosive Bearbeitung CNC Jurczak \u2013 Wir sind ein moderner Werkzeugbau. Wir spezialisiern uns auf Metall- und Kunststoffbearbeitung. Wir bieten elektroerosive Bearbeitung an.\",\"inLanguage\":\"de\",\"potentialAction\":[{\"@type\":\"ReadAction\",\"target\":[\"https:\\\/\\\/cncjurczak.pl\\\/de\\\/elektroerosive-bearbeitung\\\/\"]}]},{\"@type\":\"WebSite\",\"@id\":\"https:\\\/\\\/cncjurczak.pl\\\/de\\\/#website\",\"url\":\"https:\\\/\\\/cncjurczak.pl\\\/de\\\/\",\"name\":\"CNC Jurczak\",\"description\":\"\",\"publisher\":{\"@id\":\"https:\\\/\\\/cncjurczak.pl\\\/de\\\/#organization\"},\"potentialAction\":[{\"@type\":\"SearchAction\",\"target\":{\"@type\":\"EntryPoint\",\"urlTemplate\":\"https:\\\/\\\/cncjurczak.pl\\\/de\\\/?s={search_term_string}\"},\"query-input\":{\"@type\":\"PropertyValueSpecification\",\"valueRequired\":true,\"valueName\":\"search_term_string\"}}],\"inLanguage\":\"de\"},{\"@type\":\"Organization\",\"@id\":\"https:\\\/\\\/cncjurczak.pl\\\/de\\\/#organization\",\"name\":\"CNC Jurczak\",\"url\":\"https:\\\/\\\/cncjurczak.pl\\\/de\\\/\",\"logo\":{\"@type\":\"ImageObject\",\"inLanguage\":\"de\",\"@id\":\"https:\\\/\\\/cncjurczak.pl\\\/de\\\/#\\\/schema\\\/logo\\\/image\\\/\",\"url\":\"https:\\\/\\\/cncjurczak.pl\\\/wp-content\\\/uploads\\\/2020\\\/05\\\/logo-cz.png\",\"contentUrl\":\"https:\\\/\\\/cncjurczak.pl\\\/wp-content\\\/uploads\\\/2020\\\/05\\\/logo-cz.png\",\"width\":286,\"height\":156,\"caption\":\"CNC Jurczak\"},\"image\":{\"@id\":\"https:\\\/\\\/cncjurczak.pl\\\/de\\\/#\\\/schema\\\/logo\\\/image\\\/\"}}]}<\/script>\n<!-- \/ Yoast SEO plugin. -->","yoast_head_json":{"title":"Elektroerosive Bearbeitung - CNC Jurczak","description":"Elektroerosive Bearbeitung CNC Jurczak \u2013 Wir sind ein moderner Werkzeugbau. Wir spezialisiern uns auf Metall- und Kunststoffbearbeitung. Wir bieten elektroerosive Bearbeitung an.","robots":{"index":"index","follow":"follow","max-snippet":"max-snippet:-1","max-image-preview":"max-image-preview:large","max-video-preview":"max-video-preview:-1"},"canonical":"https:\/\/cncjurczak.pl\/de\/elektroerosive-bearbeitung\/","og_locale":"de_DE","og_type":"article","og_title":"Elektroerosive Bearbeitung - CNC Jurczak","og_description":"Elektroerosive Bearbeitung CNC Jurczak \u2013 Wir sind ein moderner Werkzeugbau. Wir spezialisiern uns auf Metall- und Kunststoffbearbeitung. Wir bieten elektroerosive Bearbeitung an.","og_url":"https:\/\/cncjurczak.pl\/de\/elektroerosive-bearbeitung\/","og_site_name":"CNC Jurczak","article_modified_time":"2020-10-29T10:05:36+00:00","twitter_card":"summary_large_image","twitter_misc":{"Gesch\u00e4tzte Lesezeit":"6\u00a0Minuten"},"schema":{"@context":"https:\/\/schema.org","@graph":[{"@type":"WebPage","@id":"https:\/\/cncjurczak.pl\/de\/elektroerosive-bearbeitung\/","url":"https:\/\/cncjurczak.pl\/de\/elektroerosive-bearbeitung\/","name":"Elektroerosive Bearbeitung - CNC Jurczak","isPartOf":{"@id":"https:\/\/cncjurczak.pl\/de\/#website"},"datePublished":"2020-03-22T13:39:05+00:00","dateModified":"2020-10-29T10:05:36+00:00","description":"Elektroerosive Bearbeitung CNC Jurczak \u2013 Wir sind ein moderner Werkzeugbau. Wir spezialisiern uns auf Metall- und Kunststoffbearbeitung. Wir bieten elektroerosive Bearbeitung an.","inLanguage":"de","potentialAction":[{"@type":"ReadAction","target":["https:\/\/cncjurczak.pl\/de\/elektroerosive-bearbeitung\/"]}]},{"@type":"WebSite","@id":"https:\/\/cncjurczak.pl\/de\/#website","url":"https:\/\/cncjurczak.pl\/de\/","name":"CNC Jurczak","description":"","publisher":{"@id":"https:\/\/cncjurczak.pl\/de\/#organization"},"potentialAction":[{"@type":"SearchAction","target":{"@type":"EntryPoint","urlTemplate":"https:\/\/cncjurczak.pl\/de\/?s={search_term_string}"},"query-input":{"@type":"PropertyValueSpecification","valueRequired":true,"valueName":"search_term_string"}}],"inLanguage":"de"},{"@type":"Organization","@id":"https:\/\/cncjurczak.pl\/de\/#organization","name":"CNC Jurczak","url":"https:\/\/cncjurczak.pl\/de\/","logo":{"@type":"ImageObject","inLanguage":"de","@id":"https:\/\/cncjurczak.pl\/de\/#\/schema\/logo\/image\/","url":"https:\/\/cncjurczak.pl\/wp-content\/uploads\/2020\/05\/logo-cz.png","contentUrl":"https:\/\/cncjurczak.pl\/wp-content\/uploads\/2020\/05\/logo-cz.png","width":286,"height":156,"caption":"CNC Jurczak"},"image":{"@id":"https:\/\/cncjurczak.pl\/de\/#\/schema\/logo\/image\/"}}]}},"_links":{"self":[{"href":"https:\/\/cncjurczak.pl\/de\/wp-json\/wp\/v2\/pages\/7118","targetHints":{"allow":["GET"]}}],"collection":[{"href":"https:\/\/cncjurczak.pl\/de\/wp-json\/wp\/v2\/pages"}],"about":[{"href":"https:\/\/cncjurczak.pl\/de\/wp-json\/wp\/v2\/types\/page"}],"author":[{"embeddable":true,"href":"https:\/\/cncjurczak.pl\/de\/wp-json\/wp\/v2\/users\/1"}],"replies":[{"embeddable":true,"href":"https:\/\/cncjurczak.pl\/de\/wp-json\/wp\/v2\/comments?post=7118"}],"version-history":[{"count":3,"href":"https:\/\/cncjurczak.pl\/de\/wp-json\/wp\/v2\/pages\/7118\/revisions"}],"predecessor-version":[{"id":7130,"href":"https:\/\/cncjurczak.pl\/de\/wp-json\/wp\/v2\/pages\/7118\/revisions\/7130"}],"wp:attachment":[{"href":"https:\/\/cncjurczak.pl\/de\/wp-json\/wp\/v2\/media?parent=7118"}],"curies":[{"name":"wp","href":"https:\/\/api.w.org\/{rel}","templated":true}]}}