{"id":6811,"date":"2020-03-22T14:35:43","date_gmt":"2020-03-22T13:35:43","guid":{"rendered":"https:\/\/cncjurczak.pl\/szlifowanie\/"},"modified":"2020-10-27T18:30:27","modified_gmt":"2020-10-27T17:30:27","slug":"schleifen","status":"publish","type":"page","link":"https:\/\/cncjurczak.pl\/de\/schleifen\/","title":{"rendered":"Schleifen"},"content":{"rendered":"\n<style type=\"text\/css\" data-created_by=\"avia_inline_auto\" id=\"style-css-av-k9005m9n-b1a3a00a6a9439b4ddb249a2bbf6cbc8\">\n.avia-section.av-k9005m9n-b1a3a00a6a9439b4ddb249a2bbf6cbc8{\nbackground-repeat:no-repeat;\nbackground-image:url(https:\/\/cncjurczak.pl\/wp-content\/uploads\/2020\/05\/szlifowanie-title_1661031433.jpg);\nbackground-position:50% 100%;\nbackground-attachment:fixed;\n}\n.avia-section.av-k9005m9n-b1a3a00a6a9439b4ddb249a2bbf6cbc8 .av-section-color-overlay{\nopacity:0.5;\nbackground-color:#000000;\n}\n<\/style>\n<div id='av_section_1'  class='avia-section av-k9005m9n-b1a3a00a6a9439b4ddb249a2bbf6cbc8 main_color avia-section-large avia-no-border-styling  avia-builder-el-0  el_before_av_one_full  avia-builder-el-first  avia-full-stretch avia-bg-style-fixed av-section-color-overlay-active av-minimum-height av-minimum-height-45 av-height-percent  container_wrap fullsize'  data-section-bg-repeat='stretch' data-av_minimum_height_pc='45' data-av_min_height_opt='percent'><div class=\"av-section-color-overlay-wrap\"><div class=\"av-section-color-overlay\"><\/div><div class='container av-section-cont-open' ><main  role=\"main\" itemprop=\"mainContentOfPage\"  class='template-page content  av-content-full alpha units'><div class='post-entry post-entry-type-page post-entry-6811'><div class='entry-content-wrapper clearfix'>\n\n<style type=\"text\/css\" data-created_by=\"avia_inline_auto\" id=\"style-css-av-kgs8tgwq-f62c54cf9d617bb62535cb54c9c122c2\">\n#top .av-special-heading.av-kgs8tgwq-f62c54cf9d617bb62535cb54c9c122c2{\npadding-bottom:10px;\ncolor:#ffffff;\n}\nbody .av-special-heading.av-kgs8tgwq-f62c54cf9d617bb62535cb54c9c122c2 .av-special-heading-tag .heading-char{\nfont-size:25px;\n}\n.av-special-heading.av-kgs8tgwq-f62c54cf9d617bb62535cb54c9c122c2 .special-heading-inner-border{\nborder-color:#ffffff;\n}\n.av-special-heading.av-kgs8tgwq-f62c54cf9d617bb62535cb54c9c122c2 .av-subheading{\nfont-size:15px;\n}\n<\/style>\n<div  id=\"h1-breadcrumbs\"  class='av-special-heading av-kgs8tgwq-f62c54cf9d617bb62535cb54c9c122c2 av-special-heading-h1 custom-color-heading blockquote modern-quote modern-centered  avia-builder-el-1  avia-builder-el-no-sibling  av-thin-font'><h1 class='av-special-heading-tag '  itemprop=\"headline\"  ><strong>Schleifen<\/strong><\/h1><div class='av_custom_color av-subheading av-subheading_below'><div class=\"breadcrumb breadcrumbs avia-breadcrumbs\"><div class=\"breadcrumb-trail\" ><span class=\"trail-before\"><span class=\"breadcrumb-title\">Du bist hier:<\/span><\/span> <span  itemscope=\"itemscope\" itemtype=\"https:\/\/schema.org\/BreadcrumbList\" ><span  itemscope=\"itemscope\" itemtype=\"https:\/\/schema.org\/ListItem\" itemprop=\"itemListElement\" ><a itemprop=\"url\" href=\"https:\/\/cncjurczak.pl\/de\/\" title=\"CNC Jurczak\" rel=\"home\" class=\"trail-begin\"><span itemprop=\"name\">Startseite<\/span><\/a><span itemprop=\"position\" class=\"hidden\">1<\/span><\/span><\/span><\/div><\/div>\n<\/div><div class=\"special-heading-border\"><div class=\"special-heading-inner-border\"><\/div><\/div><\/div>\n<\/div><\/div><\/main><!-- close content main element --><\/div><\/div><\/div><div id='after_section_1'  class='main_color av_default_container_wrap container_wrap fullsize'  ><div class='container av-section-cont-open' ><div class='template-page content  av-content-full alpha units'><div class='post-entry post-entry-type-page post-entry-6811'><div class='entry-content-wrapper clearfix'>\n<style type=\"text\/css\" data-created_by=\"avia_inline_auto\" id=\"style-css-av-c4jio6-2370730ba726fc2aecfce62b32b957a8\">\n.flex_column.av-c4jio6-2370730ba726fc2aecfce62b32b957a8{\nborder-radius:0px 0px 0px 0px;\npadding:0px 0px 0px 0px;\n}\n<\/style>\n<div  class='flex_column av-c4jio6-2370730ba726fc2aecfce62b32b957a8 av_one_full  avia-builder-el-2  el_after_av_section  el_before_av_one_full  avia-builder-el-first  first flex_column_div av-zero-column-padding  '     ><div  class='avia-slideshow av-k8a2eoe4-76b616f19e126a6f6f844f5fdfc602ae avia-slideshow-featured av_slideshow avia-slide-slider  avia-builder-el-3  avia-builder-el-no-sibling  av-slideshow-ui av-control-default av-slideshow-autoplay av-loop-endless av-loop-manual-endless av-default-height-applied avia-slideshow-1' data-slideshow-options=\"{&quot;animation&quot;:&quot;slide&quot;,&quot;autoplay&quot;:true,&quot;loop_autoplay&quot;:&quot;endless&quot;,&quot;interval&quot;:5,&quot;loop_manual&quot;:&quot;manual-endless&quot;,&quot;autoplay_stopper&quot;:false,&quot;noNavigation&quot;:false,&quot;bg_slider&quot;:false,&quot;keep_padding&quot;:false,&quot;hoverpause&quot;:false,&quot;show_slide_delay&quot;:0}\"  itemprop=\"image\" itemscope=\"itemscope\" itemtype=\"https:\/\/schema.org\/ImageObject\" ><ul class='avia-slideshow-inner ' style='padding-bottom: 47.777777777778%;'><li  class='avia-slideshow-slide av-k8a2eoe4-76b616f19e126a6f6f844f5fdfc602ae__0  slide-1 slide-odd'><div data-rel='slideshow-1' class='avia-slide-wrap '   ><img decoding=\"async\" fetchpriority=\"high\" class=\"wp-image-6816 avia-img-lazy-loading-not-6816\"  src=\"https:\/\/cncjurczak.pl\/wp-content\/uploads\/2020\/05\/szlifowanie-1_285129704-900x430.jpg\" width=\"900\" height=\"430\" title='Schleifen' alt='Schleifen'  itemprop=\"thumbnailUrl\"   \/><\/div><\/li><li  class='avia-slideshow-slide av-k8a2eoe4-76b616f19e126a6f6f844f5fdfc602ae__1  slide-2 slide-even'><div data-rel='slideshow-1' class='avia-slide-wrap '   ><img decoding=\"async\" fetchpriority=\"high\" class=\"wp-image-6817 avia-img-lazy-loading-not-6817\"  src=\"https:\/\/cncjurczak.pl\/wp-content\/uploads\/2020\/05\/szlifowanie-2_80466907-900x430.jpg\" width=\"900\" height=\"430\" title='Schleifen' alt='Schleifen'  itemprop=\"thumbnailUrl\"   \/><\/div><\/li><\/ul><div class='avia-slideshow-arrows avia-slideshow-controls' ><a href='#prev' class='prev-slide  avia-svg-icon avia-font-svg_entypo-fontello' data-av_svg_icon='left-open-big' data-av_iconset='svg_entypo-fontello' tabindex='-1' title=\"Zur\u00fcck\"><svg version=\"1.1\" xmlns=\"http:\/\/www.w3.org\/2000\/svg\" width=\"15\" height=\"32\" viewBox=\"0 0 15 32\" preserveAspectRatio=\"xMidYMid meet\" aria-labelledby='av-svg-title-1' aria-describedby='av-svg-desc-1' role=\"graphics-symbol\" aria-hidden=\"true\">\n<title id='av-svg-title-1'>Zur\u00fcck<\/title>\n<desc id='av-svg-desc-1'>Zur\u00fcck<\/desc>\n<path d=\"M14.464 27.84q0.832 0.832 0 1.536-0.832 0.832-1.536 0l-12.544-12.608q-0.768-0.768 0-1.6l12.544-12.608q0.704-0.832 1.536 0 0.832 0.704 0 1.536l-11.456 11.904z\"><\/path>\n<\/svg><span class='avia_hidden_link_text'>Zur\u00fcck<\/span><\/a><a href='#next' class='next-slide  avia-svg-icon avia-font-svg_entypo-fontello' data-av_svg_icon='right-open-big' data-av_iconset='svg_entypo-fontello' tabindex='-1' title=\"Weiter\"><svg version=\"1.1\" xmlns=\"http:\/\/www.w3.org\/2000\/svg\" width=\"15\" height=\"32\" viewBox=\"0 0 15 32\" preserveAspectRatio=\"xMidYMid meet\" aria-labelledby='av-svg-title-2' aria-describedby='av-svg-desc-2' role=\"graphics-symbol\" aria-hidden=\"true\">\n<title id='av-svg-title-2'>Weiter<\/title>\n<desc id='av-svg-desc-2'>Weiter<\/desc>\n<path d=\"M0.416 27.84l11.456-11.84-11.456-11.904q-0.832-0.832 0-1.536 0.832-0.832 1.536 0l12.544 12.608q0.768 0.832 0 1.6l-12.544 12.608q-0.704 0.832-1.536 0-0.832-0.704 0-1.536z\"><\/path>\n<\/svg><span class='avia_hidden_link_text'>Weiter<\/span><\/a><\/div><div class='avia-slideshow-dots avia-slideshow-controls'><a href='#1' class='goto-slide active' >1<\/a><a href='#2' class='goto-slide ' >2<\/a><\/div><\/div><\/div><\/p>\n\n<style type=\"text\/css\" data-created_by=\"avia_inline_auto\" id=\"style-css-av-m4yrq-3288b6f88865dc3671b74fcd1db0d087\">\n#top .flex_column.av-m4yrq-3288b6f88865dc3671b74fcd1db0d087{\nmargin-top:20px;\nmargin-bottom:0px;\n}\n.flex_column.av-m4yrq-3288b6f88865dc3671b74fcd1db0d087{\nborder-radius:0px 0px 0px 0px;\npadding:0px 0px 0px 0px;\n}\n.responsive #top #wrap_all .flex_column.av-m4yrq-3288b6f88865dc3671b74fcd1db0d087{\nmargin-top:20px;\nmargin-bottom:0px;\n}\n<\/style>\n<div  class='flex_column av-m4yrq-3288b6f88865dc3671b74fcd1db0d087 av_one_full  avia-builder-el-4  el_after_av_one_full  el_before_av_one_full  first flex_column_div av-zero-column-padding  column-top-margin'     ><p>\n<style type=\"text\/css\" data-created_by=\"avia_inline_auto\" id=\"style-css-av-kgs8uefc-51bc795bc02474f43a67442e946f0819\">\n#top .av-special-heading.av-kgs8uefc-51bc795bc02474f43a67442e946f0819{\npadding-bottom:10px;\n}\nbody .av-special-heading.av-kgs8uefc-51bc795bc02474f43a67442e946f0819 .av-special-heading-tag .heading-char{\nfont-size:25px;\n}\n.av-special-heading.av-kgs8uefc-51bc795bc02474f43a67442e946f0819 .av-subheading{\nfont-size:15px;\n}\n<\/style>\n<div  class='av-special-heading av-kgs8uefc-51bc795bc02474f43a67442e946f0819 av-special-heading-h2 blockquote modern-quote  avia-builder-el-5  el_before_av_textblock  avia-builder-el-first '><h2 class='av-special-heading-tag '  itemprop=\"headline\"  >Metallschleifen<\/h2><div class=\"special-heading-border\"><div class=\"special-heading-inner-border\"><\/div><\/div><\/div><br \/>\n<section  class='av_textblock_section av-2u7zcm-329dfde0de487c9eb5e92b4f0d2f5745 '   itemscope=\"itemscope\" itemtype=\"https:\/\/schema.org\/CreativeWork\" ><div class='avia_textblock'  itemprop=\"text\" ><p style=\"text-align: justify;\">Schleifen ist eine mechanische Endbearbeitung, die \u2013 unabh\u00e4ngig vom Material, aus dem ein Element gefertigt ist &#8211; eine sehr gro\u03b2e Ma\u03b2haltigkeit, Stabilit\u00e4t der Ma\u00dfabweichungen und eine geringe Oberfl\u00e4chenrauhigkeit des bearbeiteten Elements erzielen l\u00e4sst.<\/p>\n<p style=\"text-align: justify;\">Schleifen hilft auch beim Entfernen der \u00fcberfl\u00fcssigen \u00dcberresten nach der W\u00e4rmebehandlung. Ein Ergebnis dieses Verfahrens sind eine glatte Oberfl\u00e4che, Parallelit\u00e4t und eine bestimmte Rauheit.<\/p>\n<p style=\"text-align: justify;\">Moderne Maschinen, die zum Schleifen verwendet werden, garantieren eine sehr hohe Pr\u00e4zision der Ausf\u00fchrung, sowie \u00c4sthetik einzelner Elemente. Wir verwenden h\u00f6chstqualitative Metallschleifscheiben, die an die einzelnen Materialien und den geplanten Oberfl\u00e4cheneffekt angepasst sind. Gleichzeitig sorgen wir f\u00fcr kurze Liefertermine.<\/p>\n<\/div><\/section><br \/>\n\n<style type=\"text\/css\" data-created_by=\"avia_inline_auto\" id=\"style-css-av-kgs8vfhj-8656df9a4d72d6661255137c877f44ee\">\n#top .av-special-heading.av-kgs8vfhj-8656df9a4d72d6661255137c877f44ee{\npadding-bottom:10px;\n}\nbody .av-special-heading.av-kgs8vfhj-8656df9a4d72d6661255137c877f44ee .av-special-heading-tag .heading-char{\nfont-size:25px;\n}\n.av-special-heading.av-kgs8vfhj-8656df9a4d72d6661255137c877f44ee .av-subheading{\nfont-size:15px;\n}\n<\/style>\n<div  class='av-special-heading av-kgs8vfhj-8656df9a4d72d6661255137c877f44ee av-special-heading-h3 blockquote modern-quote  avia-builder-el-7  el_after_av_textblock  el_before_av_iconlist '><h3 class='av-special-heading-tag '  itemprop=\"headline\"  >Wir schleifen:<\/h3><div class=\"special-heading-border\"><div class=\"special-heading-inner-border\"><\/div><\/div><\/div><br \/>\n\n<style type=\"text\/css\" data-created_by=\"avia_inline_auto\" id=\"style-css-av-k8a457u8-50ff76e422e9ad9efe79252a1eea829c\">\n#top .avia-icon-list-container.av-k8a457u8-50ff76e422e9ad9efe79252a1eea829c .iconlist_icon{\ncolor:#009846;\n}\n#top .avia-icon-list-container.av-k8a457u8-50ff76e422e9ad9efe79252a1eea829c .iconlist_icon svg:first-child{\nstroke:#009846;\nfill:#009846;\n}\n<\/style>\n<div  class='avia-icon-list-container av-k8a457u8-50ff76e422e9ad9efe79252a1eea829c  avia-builder-el-8  el_after_av_heading  avia-builder-el-last '><ul class='avia-icon-list avia_animate_when_almost_visible avia-icon-list-left av-iconlist-small av-k8a457u8-50ff76e422e9ad9efe79252a1eea829c avia-iconlist-animate'>\n<li><div class='iconlist_icon av-av_iconlist_item-183989b032ed70151d8b0eabf5b11997 avia-font-entypo-fontello avia-iconfont avia-font-entypo-fontello'><span class='av-icon-char' data-av_icon='\ue879' data-av_iconfont='entypo-fontello' aria-hidden=\"true\"><\/span><\/div><article class=\"article-icon-entry av-iconlist-empty\"  itemscope=\"itemscope\" itemtype=\"https:\/\/schema.org\/CreativeWork\" ><div class=\"iconlist_content_wrap\"><header class=\"entry-content-header\" aria-label=\"Icon: Fl\u00e4chen mit einer maximalen Oberfl\u00e4che 600 x 1000 mm,\"><div class='av_iconlist_title iconlist_title_small  '  itemprop=\"headline\" >Fl\u00e4chen mit einer maximalen Oberfl\u00e4che 600 x 1000 mm,<\/div><\/header><div class='iconlist_content '  itemprop=\"text\" ><\/div><\/div><footer class=\"entry-footer\"><\/footer><\/article><div class=\"iconlist-timeline\"><\/div><\/li>\n<li><div class='iconlist_icon av-av_iconlist_item-a00c27135e6d4fbdb3007c0177b979b4 avia-font-entypo-fontello avia-iconfont avia-font-entypo-fontello'><span class='av-icon-char' data-av_icon='\ue879' data-av_iconfont='entypo-fontello' aria-hidden=\"true\"><\/span><\/div><article class=\"article-icon-entry av-iconlist-empty\"  itemscope=\"itemscope\" itemtype=\"https:\/\/schema.org\/CreativeWork\" ><div class=\"iconlist_content_wrap\"><header class=\"entry-content-header\" aria-label=\"Icon: L\u00f6cher mit einem Durchmesser \u00f8 6 mm do \u00f8 200 x 300 mm,\"><div class='av_iconlist_title iconlist_title_small  '  itemprop=\"headline\" >L\u00f6cher mit einem Durchmesser \u00f8 6 mm do \u00f8 200 x 300 mm,<\/div><\/header><div class='iconlist_content '  itemprop=\"text\" ><\/div><\/div><footer class=\"entry-footer\"><\/footer><\/article><div class=\"iconlist-timeline\"><\/div><\/li>\n<li><div class='iconlist_icon av-av_iconlist_item-fa37abb46b47c3d0412e85a7cd138370 avia-font-entypo-fontello avia-iconfont avia-font-entypo-fontello'><span class='av-icon-char' data-av_icon='\ue879' data-av_iconfont='entypo-fontello' aria-hidden=\"true\"><\/span><\/div><article class=\"article-icon-entry av-iconlist-empty\"  itemscope=\"itemscope\" itemtype=\"https:\/\/schema.org\/CreativeWork\" ><div class=\"iconlist_content_wrap\"><header class=\"entry-content-header\" aria-label=\"Icon: Walzen mit einem maximalen Au\u03b2endurchmesser \u00f8 400 mm und mit einer maximalen L\u00e4nge L - 1500 mm.\"><div class='av_iconlist_title iconlist_title_small  '  itemprop=\"headline\" >Walzen mit einem maximalen Au\u03b2endurchmesser \u00f8 400 mm und mit einer maximalen L\u00e4nge L - 1500 mm.<\/div><\/header><div class='iconlist_content '  itemprop=\"text\" ><\/div><\/div><footer class=\"entry-footer\"><\/footer><\/article><div class=\"iconlist-timeline\"><\/div><\/li>\n<\/ul><\/div><\/p><\/div>\n<style type=\"text\/css\" data-created_by=\"avia_inline_auto\" id=\"style-css-av-5zi4me-ad039e91c1210e7f11dabfad42d06c86\">\n.flex_column.av-5zi4me-ad039e91c1210e7f11dabfad42d06c86{\nborder-radius:0px 0px 0px 0px;\npadding:0px 0px 0px 0px;\n}\n<\/style>\n<div  class='flex_column av-5zi4me-ad039e91c1210e7f11dabfad42d06c86 av_one_full  avia-builder-el-9  el_after_av_one_full  avia-builder-el-last  first flex_column_div av-zero-column-padding  column-top-margin'     ><p>\n<style type=\"text\/css\" data-created_by=\"avia_inline_auto\" id=\"style-css-av-k8a6zeek-4729bb8058e3f5278e9ebd693786bbca\">\n#top .hr.av-k8a6zeek-4729bb8058e3f5278e9ebd693786bbca{\nmargin-top:30px;\nmargin-bottom:30px;\n}\n.hr.av-k8a6zeek-4729bb8058e3f5278e9ebd693786bbca .hr-inner{\nwidth:50%;\nmax-width:45%;\n}\n<\/style>\n<div  class='hr av-k8a6zeek-4729bb8058e3f5278e9ebd693786bbca hr-custom  avia-builder-el-10  el_before_av_buttonrow  avia-builder-el-first  hr-center hr-icon-yes'><span class='hr-inner inner-border-av-border-thin'><span class=\"hr-inner-style\"><\/span><\/span><span class='av-seperator-icon avia-iconfont avia-font-entypo-fontello' data-av_icon='\ue877' data-av_iconfont='entypo-fontello' ><\/span><span class='hr-inner inner-border-av-border-thin'><span class=\"hr-inner-style\"><\/span><\/span><\/div><br \/>\n<div  class='avia-buttonrow-wrap av-k8a6ww05-0a7a61695d41f2b98710a1219c170287 avia-buttonrow-center  avia-builder-el-11  el_after_av_hr  avia-builder-el-last '>\n\n<style type=\"text\/css\" data-created_by=\"avia_inline_auto\" id=\"style-css-av-av_buttonrow_item-089355f7b74ffc54d15ed4a5d318374f\">\n#top #wrap_all .avia-button.av-av_buttonrow_item-089355f7b74ffc54d15ed4a5d318374f{\nmargin-bottom:5px;\nmargin-right:3px;\nmargin-left:3px;\n}\n<\/style>\n<a href='https:\/\/cncjurczak.pl\/de\/realisierungen\/'  class='avia-button av-av_buttonrow_item-089355f7b74ffc54d15ed4a5d318374f avia-icon_select-yes-right-icon avia-size-large avia-color-dark'   aria-label=\"Realisierungen\"><span class='avia_iconbox_title' >Realisierungen<\/span><span class='avia_button_icon avia_button_icon_right avia-iconfont avia-font-entypo-fontello' data-av_icon='\ue879' data-av_iconfont='entypo-fontello' ><\/span><\/a>\n\n<style type=\"text\/css\" data-created_by=\"avia_inline_auto\" id=\"style-css-av-av_buttonrow_item-f18b21c5a938c675e3be9b9c63b5e9b6\">\n#top #wrap_all .avia-button.av-av_buttonrow_item-f18b21c5a938c675e3be9b9c63b5e9b6{\nmargin-bottom:5px;\nmargin-right:3px;\nmargin-left:3px;\n}\n<\/style>\n<a href='https:\/\/cncjurczak.pl\/de\/kontakt\/'  class='avia-button av-av_buttonrow_item-f18b21c5a938c675e3be9b9c63b5e9b6 avia-icon_select-yes-right-icon avia-size-large avia-color-theme-color-highlight'   aria-label=\"Kontakt\"><span class='avia_iconbox_title' >Kontakt<\/span><span class='avia_button_icon avia_button_icon_right avia-iconfont avia-font-entypo-fontello' data-av_icon='\ue879' data-av_iconfont='entypo-fontello' ><\/span><\/a>\n<\/div><\/p><\/div><\/p>\n","protected":false},"excerpt":{"rendered":"","protected":false},"author":1,"featured_media":0,"parent":0,"menu_order":0,"comment_status":"closed","ping_status":"closed","template":"","meta":{"footnotes":""},"class_list":["post-6811","page","type-page","status-publish","hentry"],"yoast_head":"<!-- This site is optimized with the Yoast SEO plugin v27.3 - https:\/\/yoast.com\/product\/yoast-seo-wordpress\/ -->\n<title>Schleifen - CNC Jurczak<\/title>\n<meta name=\"description\" content=\"Schleifen CNC Jurczak - Wir spezialisiern uns auf Metall- und Kunststoffbearbeitung. Wir f\u00fchren pr\u00e4zises Fl\u00e4chen-, Walzen-, und L\u00f6cherschleifen aus. Qualit\u00e4t ISO 9001.\" \/>\n<meta name=\"robots\" content=\"index, follow, max-snippet:-1, max-image-preview:large, max-video-preview:-1\" \/>\n<link rel=\"canonical\" href=\"https:\/\/cncjurczak.pl\/de\/schleifen\/\" \/>\n<meta property=\"og:locale\" content=\"de_DE\" \/>\n<meta property=\"og:type\" content=\"article\" \/>\n<meta property=\"og:title\" content=\"Schleifen - CNC Jurczak\" \/>\n<meta property=\"og:description\" content=\"Schleifen CNC Jurczak - Wir spezialisiern uns auf Metall- und Kunststoffbearbeitung. Wir f\u00fchren pr\u00e4zises Fl\u00e4chen-, Walzen-, und L\u00f6cherschleifen aus. Qualit\u00e4t ISO 9001.\" \/>\n<meta property=\"og:url\" content=\"https:\/\/cncjurczak.pl\/de\/schleifen\/\" \/>\n<meta property=\"og:site_name\" content=\"CNC Jurczak\" \/>\n<meta property=\"article:modified_time\" content=\"2020-10-27T17:30:27+00:00\" \/>\n<meta name=\"twitter:card\" content=\"summary_large_image\" \/>\n<meta name=\"twitter:label1\" content=\"Gesch\u00e4tzte Lesezeit\" \/>\n\t<meta name=\"twitter:data1\" content=\"8\u00a0Minuten\" \/>\n<script type=\"application\/ld+json\" class=\"yoast-schema-graph\">{\"@context\":\"https:\\\/\\\/schema.org\",\"@graph\":[{\"@type\":\"WebPage\",\"@id\":\"https:\\\/\\\/cncjurczak.pl\\\/de\\\/schleifen\\\/\",\"url\":\"https:\\\/\\\/cncjurczak.pl\\\/de\\\/schleifen\\\/\",\"name\":\"Schleifen - CNC Jurczak\",\"isPartOf\":{\"@id\":\"https:\\\/\\\/cncjurczak.pl\\\/de\\\/#website\"},\"datePublished\":\"2020-03-22T13:35:43+00:00\",\"dateModified\":\"2020-10-27T17:30:27+00:00\",\"description\":\"Schleifen CNC Jurczak - Wir spezialisiern uns auf Metall- und Kunststoffbearbeitung. Wir f\u00fchren pr\u00e4zises Fl\u00e4chen-, Walzen-, und L\u00f6cherschleifen aus. Qualit\u00e4t ISO 9001.\",\"inLanguage\":\"de\",\"potentialAction\":[{\"@type\":\"ReadAction\",\"target\":[\"https:\\\/\\\/cncjurczak.pl\\\/de\\\/schleifen\\\/\"]}]},{\"@type\":\"WebSite\",\"@id\":\"https:\\\/\\\/cncjurczak.pl\\\/de\\\/#website\",\"url\":\"https:\\\/\\\/cncjurczak.pl\\\/de\\\/\",\"name\":\"CNC Jurczak\",\"description\":\"\",\"publisher\":{\"@id\":\"https:\\\/\\\/cncjurczak.pl\\\/de\\\/#organization\"},\"potentialAction\":[{\"@type\":\"SearchAction\",\"target\":{\"@type\":\"EntryPoint\",\"urlTemplate\":\"https:\\\/\\\/cncjurczak.pl\\\/de\\\/?s={search_term_string}\"},\"query-input\":{\"@type\":\"PropertyValueSpecification\",\"valueRequired\":true,\"valueName\":\"search_term_string\"}}],\"inLanguage\":\"de\"},{\"@type\":\"Organization\",\"@id\":\"https:\\\/\\\/cncjurczak.pl\\\/de\\\/#organization\",\"name\":\"CNC Jurczak\",\"url\":\"https:\\\/\\\/cncjurczak.pl\\\/de\\\/\",\"logo\":{\"@type\":\"ImageObject\",\"inLanguage\":\"de\",\"@id\":\"https:\\\/\\\/cncjurczak.pl\\\/de\\\/#\\\/schema\\\/logo\\\/image\\\/\",\"url\":\"https:\\\/\\\/cncjurczak.pl\\\/wp-content\\\/uploads\\\/2020\\\/05\\\/logo-cz.png\",\"contentUrl\":\"https:\\\/\\\/cncjurczak.pl\\\/wp-content\\\/uploads\\\/2020\\\/05\\\/logo-cz.png\",\"width\":286,\"height\":156,\"caption\":\"CNC Jurczak\"},\"image\":{\"@id\":\"https:\\\/\\\/cncjurczak.pl\\\/de\\\/#\\\/schema\\\/logo\\\/image\\\/\"}}]}<\/script>\n<!-- \/ Yoast SEO plugin. -->","yoast_head_json":{"title":"Schleifen - CNC Jurczak","description":"Schleifen CNC Jurczak - Wir spezialisiern uns auf Metall- und Kunststoffbearbeitung. Wir f\u00fchren pr\u00e4zises Fl\u00e4chen-, Walzen-, und L\u00f6cherschleifen aus. Qualit\u00e4t ISO 9001.","robots":{"index":"index","follow":"follow","max-snippet":"max-snippet:-1","max-image-preview":"max-image-preview:large","max-video-preview":"max-video-preview:-1"},"canonical":"https:\/\/cncjurczak.pl\/de\/schleifen\/","og_locale":"de_DE","og_type":"article","og_title":"Schleifen - CNC Jurczak","og_description":"Schleifen CNC Jurczak - Wir spezialisiern uns auf Metall- und Kunststoffbearbeitung. Wir f\u00fchren pr\u00e4zises Fl\u00e4chen-, Walzen-, und L\u00f6cherschleifen aus. Qualit\u00e4t ISO 9001.","og_url":"https:\/\/cncjurczak.pl\/de\/schleifen\/","og_site_name":"CNC Jurczak","article_modified_time":"2020-10-27T17:30:27+00:00","twitter_card":"summary_large_image","twitter_misc":{"Gesch\u00e4tzte Lesezeit":"8\u00a0Minuten"},"schema":{"@context":"https:\/\/schema.org","@graph":[{"@type":"WebPage","@id":"https:\/\/cncjurczak.pl\/de\/schleifen\/","url":"https:\/\/cncjurczak.pl\/de\/schleifen\/","name":"Schleifen - CNC Jurczak","isPartOf":{"@id":"https:\/\/cncjurczak.pl\/de\/#website"},"datePublished":"2020-03-22T13:35:43+00:00","dateModified":"2020-10-27T17:30:27+00:00","description":"Schleifen CNC Jurczak - Wir spezialisiern uns auf Metall- und Kunststoffbearbeitung. Wir f\u00fchren pr\u00e4zises Fl\u00e4chen-, Walzen-, und L\u00f6cherschleifen aus. Qualit\u00e4t ISO 9001.","inLanguage":"de","potentialAction":[{"@type":"ReadAction","target":["https:\/\/cncjurczak.pl\/de\/schleifen\/"]}]},{"@type":"WebSite","@id":"https:\/\/cncjurczak.pl\/de\/#website","url":"https:\/\/cncjurczak.pl\/de\/","name":"CNC Jurczak","description":"","publisher":{"@id":"https:\/\/cncjurczak.pl\/de\/#organization"},"potentialAction":[{"@type":"SearchAction","target":{"@type":"EntryPoint","urlTemplate":"https:\/\/cncjurczak.pl\/de\/?s={search_term_string}"},"query-input":{"@type":"PropertyValueSpecification","valueRequired":true,"valueName":"search_term_string"}}],"inLanguage":"de"},{"@type":"Organization","@id":"https:\/\/cncjurczak.pl\/de\/#organization","name":"CNC Jurczak","url":"https:\/\/cncjurczak.pl\/de\/","logo":{"@type":"ImageObject","inLanguage":"de","@id":"https:\/\/cncjurczak.pl\/de\/#\/schema\/logo\/image\/","url":"https:\/\/cncjurczak.pl\/wp-content\/uploads\/2020\/05\/logo-cz.png","contentUrl":"https:\/\/cncjurczak.pl\/wp-content\/uploads\/2020\/05\/logo-cz.png","width":286,"height":156,"caption":"CNC Jurczak"},"image":{"@id":"https:\/\/cncjurczak.pl\/de\/#\/schema\/logo\/image\/"}}]}},"_links":{"self":[{"href":"https:\/\/cncjurczak.pl\/de\/wp-json\/wp\/v2\/pages\/6811","targetHints":{"allow":["GET"]}}],"collection":[{"href":"https:\/\/cncjurczak.pl\/de\/wp-json\/wp\/v2\/pages"}],"about":[{"href":"https:\/\/cncjurczak.pl\/de\/wp-json\/wp\/v2\/types\/page"}],"author":[{"embeddable":true,"href":"https:\/\/cncjurczak.pl\/de\/wp-json\/wp\/v2\/users\/1"}],"replies":[{"embeddable":true,"href":"https:\/\/cncjurczak.pl\/de\/wp-json\/wp\/v2\/comments?post=6811"}],"version-history":[{"count":3,"href":"https:\/\/cncjurczak.pl\/de\/wp-json\/wp\/v2\/pages\/6811\/revisions"}],"predecessor-version":[{"id":6820,"href":"https:\/\/cncjurczak.pl\/de\/wp-json\/wp\/v2\/pages\/6811\/revisions\/6820"}],"wp:attachment":[{"href":"https:\/\/cncjurczak.pl\/de\/wp-json\/wp\/v2\/media?parent=6811"}],"curies":[{"name":"wp","href":"https:\/\/api.w.org\/{rel}","templated":true}]}}